{"id":2,"date":"2022-03-17T21:10:38","date_gmt":"2022-03-17T21:10:38","guid":{"rendered":"https:\/\/deepprofile-hr.com\/?page_id=2"},"modified":"2024-06-02T14:12:41","modified_gmt":"2024-06-02T14:12:41","slug":"traitement-des-donnees-a-caractere-personnel","status":"publish","type":"page","link":"https:\/\/deepprofile-hr.com\/en\/traitement-des-donnees-a-caractere-personnel\/","title":{"rendered":"Traitement"},"content":{"rendered":"<div data-elementor-type=\"wp-page\" data-elementor-id=\"2\" class=\"elementor elementor-2\">\n\t\t\t\t\t\t<section class=\"elementor-section elementor-top-section elementor-element elementor-element-3304691 elementor-section-content-middle elementor-section-boxed elementor-section-height-default elementor-section-height-default\" data-id=\"3304691\" data-element_type=\"section\" data-settings=\"{&quot;background_background&quot;:&quot;classic&quot;}\">\n\t\t\t\t\t\t<div class=\"elementor-container elementor-column-gap-no\">\n\t\t\t\t\t<div class=\"elementor-column elementor-col-100 elementor-top-column elementor-element elementor-element-72d75f3\" data-id=\"72d75f3\" data-element_type=\"column\">\n\t\t\t<div class=\"elementor-widget-wrap elementor-element-populated\">\n\t\t\t\t\t\t<div class=\"elementor-element elementor-element-a713c68 elementor-widget elementor-widget-heading\" data-id=\"a713c68\" data-element_type=\"widget\" data-settings=\"{&quot;_animation&quot;:&quot;none&quot;,&quot;_animation_delay&quot;:100}\" data-widget_type=\"heading.default\">\n\t\t\t\t<div class=\"elementor-widget-container\">\n\t\t\t\t\t<h1 class=\"elementor-heading-title elementor-size-default\">Traitement des Donn\u00e9es <br>\n\u00e0 Caract\u00e8re Personnel <\/h1>\t\t\t\t<\/div>\n\t\t\t\t<\/div>\n\t\t\t\t<div class=\"elementor-element elementor-element-e715f44 elementor-view-default elementor-invisible elementor-widget elementor-widget-icon\" data-id=\"e715f44\" data-element_type=\"widget\" data-settings=\"{&quot;_animation&quot;:&quot;pulse&quot;}\" data-widget_type=\"icon.default\">\n\t\t\t\t<div class=\"elementor-widget-container\">\n\t\t\t\t\t\t\t<div class=\"elementor-icon-wrapper\">\n\t\t\t<a class=\"elementor-icon\" href=\"#text\">\n\t\t\t<i aria-hidden=\"true\" class=\"icon icon-down-arrow\"><\/i>\t\t\t<\/a>\n\t\t<\/div>\n\t\t\t\t\t\t<\/div>\n\t\t\t\t<\/div>\n\t\t\t\t\t<\/div>\n\t\t<\/div>\n\t\t\t\t\t<\/div>\n\t\t<\/section>\n\t\t\t\t<section class=\"elementor-section elementor-top-section elementor-element elementor-element-bcc8c68 elementor-section-full_width elementor-section-height-default elementor-section-height-default\" data-id=\"bcc8c68\" data-element_type=\"section\">\n\t\t\t\t\t\t<div class=\"elementor-container elementor-column-gap-no\">\n\t\t\t\t\t<div class=\"elementor-column elementor-col-100 elementor-top-column elementor-element elementor-element-83a2440\" data-id=\"83a2440\" data-element_type=\"column\">\n\t\t\t<div class=\"elementor-widget-wrap elementor-element-populated\">\n\t\t\t\t\t\t<section class=\"elementor-section elementor-inner-section elementor-element elementor-element-8518a0b text elementor-section-full_width elementor-section-height-default elementor-section-height-default\" data-id=\"8518a0b\" data-element_type=\"section\">\n\t\t\t\t\t\t<div class=\"elementor-container elementor-column-gap-default\">\n\t\t\t\t\t<div class=\"elementor-column elementor-col-100 elementor-inner-column elementor-element elementor-element-09e2cc4\" data-id=\"09e2cc4\" data-element_type=\"column\">\n\t\t\t<div class=\"elementor-widget-wrap elementor-element-populated\">\n\t\t\t\t\t\t<div class=\"elementor-element elementor-element-b815c6d elementor-widget elementor-widget-elementskit-accordion\" data-id=\"b815c6d\" data-element_type=\"widget\" data-widget_type=\"elementskit-accordion.default\">\n\t\t\t\t<div class=\"elementor-widget-container\">\n\t\t\t\t\t<div class=\"ekit-wid-con\" >\n        <div class=\"elementskit-accordion accoedion-primary\" id=\"accordion-69e0af7284001\">\n\n            \n                <div class=\"elementskit-card active\">\n                    <div class=\"elementskit-card-header\" id=\"primaryHeading-0-b815c6d\">\n                        <a href=\"#collapse-2ba081069e0af7284001\" class=\"ekit-accordion--toggler elementskit-btn-link collapsed\" data-ekit-toggle=\"collapse\" data-target=\"#Collapse-2ba081069e0af7284001\" aria-expanded=\"true\" aria-controls=\"Collapse-2ba081069e0af7284001\">\n                            \n                            <span class=\"ekit-accordion-title\">Cadre juridique<\/span>\n\n                            \n                                <div class=\"ekit_accordion_icon_group\">\n                                    <div class=\"ekit_accordion_normal_icon\">\n                                        <!-- Normal Icon -->\n\t\t\t\t\t\t\t\t\t\t<i class=\"icon icon-down-arrow1\"><\/i>                                    <\/div>\n\n                                    <div class=\"ekit_accordion_active_icon\">\n                                        <!-- Active Icon -->\n\t\t\t\t\t\t\t\t\t\t<i class=\"icon icon-up-arrow\"><\/i>                                    <\/div>\n                                <\/div>\n\n                            \n                                                    <\/a>\n                    <\/div>\n\n                    <div id=\"Collapse-2ba081069e0af7284001\" class=\"show collapse\" aria-labelledby=\"primaryHeading-0-b815c6d\" data-parent=\"#accordion-69e0af7284001\">\n\n                        <div class=\"elementskit-card-body ekit-accordion--content\">\n                            <p>Cette politique est \u00e9tablie en conformit\u00e9 avec la Loi n\u00b0 18-07 du 10 juin 2018 relative \u00e0 la protection des personnes physiques dans le traitement des donn\u00e9es \u00e0 caract\u00e8re personnel.<\/p>                        <\/div>\n\n                    <\/div>\n\n                <\/div><!-- .elementskit-card END -->\n\n                \n                <div class=\"elementskit-card\">\n                    <div class=\"elementskit-card-header\" id=\"primaryHeading-1-b815c6d\">\n                        <a href=\"#collapse-be2929b69e0af7284001\" class=\"ekit-accordion--toggler elementskit-btn-link collapsed\" data-ekit-toggle=\"collapse\" data-target=\"#Collapse-be2929b69e0af7284001\" aria-expanded=\"false\" aria-controls=\"Collapse-be2929b69e0af7284001\">\n                            \n                            <span class=\"ekit-accordion-title\">Vos donn\u00e9es \u00e0 caract\u00e8re personnel que nous r\u00e9coltons<\/span>\n\n                            \n                                <div class=\"ekit_accordion_icon_group\">\n                                    <div class=\"ekit_accordion_normal_icon\">\n                                        <!-- Normal Icon -->\n\t\t\t\t\t\t\t\t\t\t<i class=\"icon icon-down-arrow1\"><\/i>                                    <\/div>\n\n                                    <div class=\"ekit_accordion_active_icon\">\n                                        <!-- Active Icon -->\n\t\t\t\t\t\t\t\t\t\t<i class=\"icon icon-up-arrow\"><\/i>                                    <\/div>\n                                <\/div>\n\n                            \n                                                    <\/a>\n                    <\/div>\n\n                    <div id=\"Collapse-be2929b69e0af7284001\" class=\"collapse\" aria-labelledby=\"primaryHeading-1-b815c6d\" data-parent=\"#accordion-69e0af7284001\">\n\n                        <div class=\"elementskit-card-body ekit-accordion--content\">\n                            <p>- Nom et pr\u00e9nom<br \/>- Curriculum Vitae<br \/>- Adresse Email<br \/>- Num\u00e9ro de t\u00e9l\u00e9phone<br \/>- Autres informations d\u2019ordre professionnel<\/p>                        <\/div>\n\n                    <\/div>\n\n                <\/div><!-- .elementskit-card END -->\n\n                \n                <div class=\"elementskit-card\">\n                    <div class=\"elementskit-card-header\" id=\"primaryHeading-2-b815c6d\">\n                        <a href=\"#collapse-0db379069e0af7284001\" class=\"ekit-accordion--toggler elementskit-btn-link collapsed\" data-ekit-toggle=\"collapse\" data-target=\"#Collapse-0db379069e0af7284001\" aria-expanded=\"false\" aria-controls=\"Collapse-0db379069e0af7284001\">\n                            \n                            <span class=\"ekit-accordion-title\">Finalit\u00e9 de la r\u00e9colte et traitement de vos donn\u00e9es \u00e0 caract\u00e8re personnel<\/span>\n\n                            \n                                <div class=\"ekit_accordion_icon_group\">\n                                    <div class=\"ekit_accordion_normal_icon\">\n                                        <!-- Normal Icon -->\n\t\t\t\t\t\t\t\t\t\t<i class=\"icon icon-down-arrow1\"><\/i>                                    <\/div>\n\n                                    <div class=\"ekit_accordion_active_icon\">\n                                        <!-- Active Icon -->\n\t\t\t\t\t\t\t\t\t\t<i class=\"icon icon-up-arrow\"><\/i>                                    <\/div>\n                                <\/div>\n\n                            \n                                                    <\/a>\n                    <\/div>\n\n                    <div id=\"Collapse-0db379069e0af7284001\" class=\"collapse\" aria-labelledby=\"primaryHeading-2-b815c6d\" data-parent=\"#accordion-69e0af7284001\">\n\n                        <div class=\"elementskit-card-body ekit-accordion--content\">\n                            Nous r\u00e9coltons et traitons vos donn\u00e9es \u00e0 caract\u00e8re personnel cit\u00e9es pr\u00e9c\u00e9demment dans le cadre de l\u2019\u00e9tude de la correspondance de votre profil professionnel avec les crit\u00e8res d\u00e9finis par nos clients, apr\u00e8s que ces derniers nous aient confi\u00e9 l\u2019identification de candidats aux postes qu\u2019ils souhaitent pourvoir au sein de leur organisme.                        <\/div>\n\n                    <\/div>\n\n                <\/div><!-- .elementskit-card END -->\n\n                \n                <div class=\"elementskit-card\">\n                    <div class=\"elementskit-card-header\" id=\"primaryHeading-3-b815c6d\">\n                        <a href=\"#collapse-2e4b34b69e0af7284001\" class=\"ekit-accordion--toggler elementskit-btn-link collapsed\" data-ekit-toggle=\"collapse\" data-target=\"#Collapse-2e4b34b69e0af7284001\" aria-expanded=\"false\" aria-controls=\"Collapse-2e4b34b69e0af7284001\">\n                            \n                            <span class=\"ekit-accordion-title\">Transfert de vos donn\u00e9es \u00e0 nos clients<\/span>\n\n                            \n                                <div class=\"ekit_accordion_icon_group\">\n                                    <div class=\"ekit_accordion_normal_icon\">\n                                        <!-- Normal Icon -->\n\t\t\t\t\t\t\t\t\t\t<i class=\"icon icon-down-arrow1\"><\/i>                                    <\/div>\n\n                                    <div class=\"ekit_accordion_active_icon\">\n                                        <!-- Active Icon -->\n\t\t\t\t\t\t\t\t\t\t<i class=\"icon icon-up-arrow\"><\/i>                                    <\/div>\n                                <\/div>\n\n                            \n                                                    <\/a>\n                    <\/div>\n\n                    <div id=\"Collapse-2e4b34b69e0af7284001\" class=\"collapse\" aria-labelledby=\"primaryHeading-3-b815c6d\" data-parent=\"#accordion-69e0af7284001\">\n\n                        <div class=\"elementskit-card-body ekit-accordion--content\">\n                            Toute communication \u00e0 nos clients des donn\u00e9es \u00e0 caract\u00e8re personnel que vous nous confiez se fera apr\u00e8s prise de contact de nos \u00e9quipes avec vous, clarification sur l\u2019identit\u00e9 du client et la raison pour laquelle nous transmettons vos informations, et confirmation de votre int\u00e9r\u00eat pour l\u2019opportunit\u00e9 propos\u00e9e.                        <\/div>\n\n                    <\/div>\n\n                <\/div><!-- .elementskit-card END -->\n\n                \n                <div class=\"elementskit-card\">\n                    <div class=\"elementskit-card-header\" id=\"primaryHeading-4-b815c6d\">\n                        <a href=\"#collapse-97577eb69e0af7284001\" class=\"ekit-accordion--toggler elementskit-btn-link collapsed\" data-ekit-toggle=\"collapse\" data-target=\"#Collapse-97577eb69e0af7284001\" aria-expanded=\"false\" aria-controls=\"Collapse-97577eb69e0af7284001\">\n                            \n                            <span class=\"ekit-accordion-title\">Conservation de vos donn\u00e9es \u00e0 caract\u00e8re personnel<\/span>\n\n                            \n                                <div class=\"ekit_accordion_icon_group\">\n                                    <div class=\"ekit_accordion_normal_icon\">\n                                        <!-- Normal Icon -->\n\t\t\t\t\t\t\t\t\t\t<i class=\"icon icon-down-arrow1\"><\/i>                                    <\/div>\n\n                                    <div class=\"ekit_accordion_active_icon\">\n                                        <!-- Active Icon -->\n\t\t\t\t\t\t\t\t\t\t<i class=\"icon icon-up-arrow\"><\/i>                                    <\/div>\n                                <\/div>\n\n                            \n                                                    <\/a>\n                    <\/div>\n\n                    <div id=\"Collapse-97577eb69e0af7284001\" class=\"collapse\" aria-labelledby=\"primaryHeading-4-b815c6d\" data-parent=\"#accordion-69e0af7284001\">\n\n                        <div class=\"elementskit-card-body ekit-accordion--content\">\n                            <p>Les donn\u00e9es \u00e0 caract\u00e8re personnel que vous nous communiquez sont conserv\u00e9es pour une dur\u00e9e maximale de 10 ans dans les bases de donn\u00e9es mises en place et utilis\u00e9es par notre organisme.<\/p><p>Cette dur\u00e9e peut \u00eatre r\u00e9duite \u00e0 votre demande, par le biais de la disposition pr\u00e9vue dans la partie \"Demande relative \u00e0 vos droits\".<\/p>                        <\/div>\n\n                    <\/div>\n\n                <\/div><!-- .elementskit-card END -->\n\n                \n                <div class=\"elementskit-card\">\n                    <div class=\"elementskit-card-header\" id=\"primaryHeading-5-b815c6d\">\n                        <a href=\"#collapse-ce1f33269e0af7284001\" class=\"ekit-accordion--toggler elementskit-btn-link collapsed\" data-ekit-toggle=\"collapse\" data-target=\"#Collapse-ce1f33269e0af7284001\" aria-expanded=\"false\" aria-controls=\"Collapse-ce1f33269e0af7284001\">\n                            \n                            <span class=\"ekit-accordion-title\"> Identit\u00e9 du Responsable de Traitement<\/span>\n\n                            \n                                <div class=\"ekit_accordion_icon_group\">\n                                    <div class=\"ekit_accordion_normal_icon\">\n                                        <!-- Normal Icon -->\n\t\t\t\t\t\t\t\t\t\t<i class=\"icon icon-down-arrow1\"><\/i>                                    <\/div>\n\n                                    <div class=\"ekit_accordion_active_icon\">\n                                        <!-- Active Icon -->\n\t\t\t\t\t\t\t\t\t\t<i class=\"icon icon-up-arrow\"><\/i>                                    <\/div>\n                                <\/div>\n\n                            \n                                                    <\/a>\n                    <\/div>\n\n                    <div id=\"Collapse-ce1f33269e0af7284001\" class=\"collapse\" aria-labelledby=\"primaryHeading-5-b815c6d\" data-parent=\"#accordion-69e0af7284001\">\n\n                        <div class=\"elementskit-card-body ekit-accordion--content\">\n                            Le responsable de Traitement des donn\u00e9es personnelles que vous communiquez est le repr\u00e9sentant L\u00e9gal \/G\u00e9rant de l\u2019organisme HR Deep Profile. Toute personne intervenant pour le compte de notre organisme dans le traitement de ces donn\u00e9es le fera \u00e0 la demande du Responsable de Traitement, et apr\u00e8s signature d\u2019une charte de confidentialit\u00e9.                        <\/div>\n\n                    <\/div>\n\n                <\/div><!-- .elementskit-card END -->\n\n                \n                <div class=\"elementskit-card\">\n                    <div class=\"elementskit-card-header\" id=\"primaryHeading-6-b815c6d\">\n                        <a href=\"#collapse-d1f436a69e0af7284001\" class=\"ekit-accordion--toggler elementskit-btn-link collapsed\" data-ekit-toggle=\"collapse\" data-target=\"#Collapse-d1f436a69e0af7284001\" aria-expanded=\"false\" aria-controls=\"Collapse-d1f436a69e0af7284001\">\n                            \n                            <span class=\"ekit-accordion-title\">Demande relative \u00e0 vos droits<\/span>\n\n                            \n                                <div class=\"ekit_accordion_icon_group\">\n                                    <div class=\"ekit_accordion_normal_icon\">\n                                        <!-- Normal Icon -->\n\t\t\t\t\t\t\t\t\t\t<i class=\"icon icon-down-arrow1\"><\/i>                                    <\/div>\n\n                                    <div class=\"ekit_accordion_active_icon\">\n                                        <!-- Active Icon -->\n\t\t\t\t\t\t\t\t\t\t<i class=\"icon icon-up-arrow\"><\/i>                                    <\/div>\n                                <\/div>\n\n                            \n                                                    <\/a>\n                    <\/div>\n\n                    <div id=\"Collapse-d1f436a69e0af7284001\" class=\"collapse\" aria-labelledby=\"primaryHeading-6-b815c6d\" data-parent=\"#accordion-69e0af7284001\">\n\n                        <div class=\"elementskit-card-body ekit-accordion--content\">\n                            Toute demande en lien avec vos droits pr\u00e9vus par la Loi n\u00b0 18-07 du 10 juin 2018 relative \u00e0 la protection des personnes physiques dans le traitement des donn\u00e9es \u00e0 caract\u00e8re personnel (droits \u00e0 l\u2019information, d\u2019acc\u00e8s, de rectification et d\u2019opposition), peut \u00eatre adress\u00e9e \u00e0 l\u2019adresse email suivante\u00a0: <a href=\"mailto:dpers@deepprofile-hr.com\">dpers@deepprofile-hr.com<\/a>                        <\/div>\n\n                    <\/div>\n\n                <\/div><!-- .elementskit-card END -->\n\n                                        <\/div>\n    <\/div>\t\t\t\t<\/div>\n\t\t\t\t<\/div>\n\t\t\t\t<div class=\"elementor-element elementor-element-d5f1673 elementor-widget elementor-widget-spacer\" data-id=\"d5f1673\" data-element_type=\"widget\" data-widget_type=\"spacer.default\">\n\t\t\t\t<div class=\"elementor-widget-container\">\n\t\t\t\t\t\t\t<div class=\"elementor-spacer\">\n\t\t\t<div class=\"elementor-spacer-inner\"><\/div>\n\t\t<\/div>\n\t\t\t\t\t\t<\/div>\n\t\t\t\t<\/div>\n\t\t\t\t<div class=\"elementor-element elementor-element-5db59d9 elementor-widget elementor-widget-spacer\" data-id=\"5db59d9\" data-element_type=\"widget\" data-widget_type=\"spacer.default\">\n\t\t\t\t<div class=\"elementor-widget-container\">\n\t\t\t\t\t\t\t<div class=\"elementor-spacer\">\n\t\t\t<div class=\"elementor-spacer-inner\"><\/div>\n\t\t<\/div>\n\t\t\t\t\t\t<\/div>\n\t\t\t\t<\/div>\n\t\t\t\t\t<\/div>\n\t\t<\/div>\n\t\t\t\t\t<\/div>\n\t\t<\/section>\n\t\t\t\t\t<\/div>\n\t\t<\/div>\n\t\t\t\t\t<\/div>\n\t\t<\/section>\n\t\t\t\t<\/div>","protected":false},"excerpt":{"rendered":"<p>Traitement des Donn\u00e9es \u00e0 Caract\u00e8re Personnel Cadre juridique Cette politique est \u00e9tablie en conformit\u00e9 avec la Loi n\u00b0 18-07 du 10 juin 2018 relative \u00e0 la protection des personnes physiques dans le traitement des donn\u00e9es \u00e0 caract\u00e8re personnel. Vos donn\u00e9es \u00e0 caract\u00e8re personnel que nous r\u00e9coltons &#8211; Nom et pr\u00e9nom&#8211; Curriculum Vitae&#8211; Adresse Email&#8211; Num\u00e9ro [&hellip;]<\/p>","protected":false},"author":1,"featured_media":1830,"parent":0,"menu_order":0,"comment_status":"closed","ping_status":"open","template":"","meta":{"footnotes":""},"class_list":["post-2","page","type-page","status-publish","has-post-thumbnail","hentry"],"_links":{"self":[{"href":"https:\/\/deepprofile-hr.com\/en\/wp-json\/wp\/v2\/pages\/2","targetHints":{"allow":["GET"]}}],"collection":[{"href":"https:\/\/deepprofile-hr.com\/en\/wp-json\/wp\/v2\/pages"}],"about":[{"href":"https:\/\/deepprofile-hr.com\/en\/wp-json\/wp\/v2\/types\/page"}],"author":[{"embeddable":true,"href":"https:\/\/deepprofile-hr.com\/en\/wp-json\/wp\/v2\/users\/1"}],"replies":[{"embeddable":true,"href":"https:\/\/deepprofile-hr.com\/en\/wp-json\/wp\/v2\/comments?post=2"}],"version-history":[{"count":26,"href":"https:\/\/deepprofile-hr.com\/en\/wp-json\/wp\/v2\/pages\/2\/revisions"}],"predecessor-version":[{"id":2189,"href":"https:\/\/deepprofile-hr.com\/en\/wp-json\/wp\/v2\/pages\/2\/revisions\/2189"}],"wp:featuredmedia":[{"embeddable":true,"href":"https:\/\/deepprofile-hr.com\/en\/wp-json\/wp\/v2\/media\/1830"}],"wp:attachment":[{"href":"https:\/\/deepprofile-hr.com\/en\/wp-json\/wp\/v2\/media?parent=2"}],"curies":[{"name":"wp","href":"https:\/\/api.w.org\/{rel}","templated":true}]}}