{"id":82,"date":"2022-03-18T19:03:51","date_gmt":"2022-03-18T19:03:51","guid":{"rendered":"https:\/\/deepprofile-hr.com\/?page_id=82"},"modified":"2022-04-01T02:22:51","modified_gmt":"2022-04-01T02:22:51","slug":"recrutement","status":"publish","type":"page","link":"https:\/\/deepprofile-hr.com\/en\/recrutement\/","title":{"rendered":"Recruitment"},"content":{"rendered":"<div data-elementor-type=\"wp-page\" data-elementor-id=\"82\" class=\"elementor elementor-82\">\n\t\t\t\t\t\t<section class=\"elementor-section elementor-top-section elementor-element elementor-element-40379621 elementor-section-content-middle elementor-section-boxed elementor-section-height-default elementor-section-height-default\" data-id=\"40379621\" data-element_type=\"section\" data-settings=\"{&quot;background_background&quot;:&quot;classic&quot;}\">\n\t\t\t\t\t\t<div class=\"elementor-container elementor-column-gap-no\">\n\t\t\t\t\t<div class=\"elementor-column elementor-col-100 elementor-top-column elementor-element elementor-element-63ad99a6\" data-id=\"63ad99a6\" data-element_type=\"column\">\n\t\t\t<div class=\"elementor-widget-wrap elementor-element-populated\">\n\t\t\t\t\t\t<div class=\"elementor-element elementor-element-6608123e elementor-hidden-desktop elementor-widget elementor-widget-spacer\" data-id=\"6608123e\" data-element_type=\"widget\" data-widget_type=\"spacer.default\">\n\t\t\t\t<div class=\"elementor-widget-container\">\n\t\t\t\t\t\t\t<div class=\"elementor-spacer\">\n\t\t\t<div class=\"elementor-spacer-inner\"><\/div>\n\t\t<\/div>\n\t\t\t\t\t\t<\/div>\n\t\t\t\t<\/div>\n\t\t\t\t<div class=\"elementor-element elementor-element-f687a00 elementor-widget elementor-widget-heading\" data-id=\"f687a00\" data-element_type=\"widget\" data-settings=\"{&quot;_animation&quot;:&quot;none&quot;,&quot;_animation_delay&quot;:100}\" data-widget_type=\"heading.default\">\n\t\t\t\t<div class=\"elementor-widget-container\">\n\t\t\t\t\t<h1 class=\"elementor-heading-title elementor-size-default\">Recruitment <\/h1>\t\t\t\t<\/div>\n\t\t\t\t<\/div>\n\t\t\t\t<div class=\"elementor-element elementor-element-6eeea58d elementor-widget elementor-widget-text-editor\" data-id=\"6eeea58d\" data-element_type=\"widget\" data-settings=\"{&quot;_animation&quot;:&quot;none&quot;,&quot;_animation_delay&quot;:400}\" data-widget_type=\"text-editor.default\">\n\t\t\t\t<div class=\"elementor-widget-container\">\n\t\t\t\t\t\t\t\t\t<p>Choosing the Men and Women who make up your organization is a strategic and impactful act.\nDeep Profile supports you, for all of your recruitment projects in their successive phases.<\/p>\t\t\t\t\t\t\t\t<\/div>\n\t\t\t\t<\/div>\n\t\t\t\t<div class=\"elementor-element elementor-element-5d61af22 elementor-view-default elementor-invisible elementor-widget elementor-widget-icon\" data-id=\"5d61af22\" data-element_type=\"widget\" data-settings=\"{&quot;_animation&quot;:&quot;pulse&quot;}\" data-widget_type=\"icon.default\">\n\t\t\t\t<div class=\"elementor-widget-container\">\n\t\t\t\t\t\t\t<div class=\"elementor-icon-wrapper\">\n\t\t\t<a class=\"elementor-icon\" href=\"#text\">\n\t\t\t<i aria-hidden=\"true\" class=\"icon icon-down-arrow\"><\/i>\t\t\t<\/a>\n\t\t<\/div>\n\t\t\t\t\t\t<\/div>\n\t\t\t\t<\/div>\n\t\t\t\t\t<\/div>\n\t\t<\/div>\n\t\t\t\t\t<\/div>\n\t\t<\/section>\n\t\t\t\t<section class=\"elementor-section elementor-top-section elementor-element elementor-element-3203d423 elementor-section-boxed elementor-section-height-default elementor-section-height-default\" data-id=\"3203d423\" data-element_type=\"section\">\n\t\t\t\t\t\t<div class=\"elementor-container elementor-column-gap-no\">\n\t\t\t\t\t<div class=\"elementor-column elementor-col-100 elementor-top-column elementor-element elementor-element-4e6daa42\" data-id=\"4e6daa42\" data-element_type=\"column\">\n\t\t\t<div class=\"elementor-widget-wrap elementor-element-populated\">\n\t\t\t\t\t\t<section class=\"elementor-section elementor-inner-section elementor-element elementor-element-19d580df text elementor-section-boxed elementor-section-height-default elementor-section-height-default\" data-id=\"19d580df\" data-element_type=\"section\" id=\"text\">\n\t\t\t\t\t\t<div class=\"elementor-container elementor-column-gap-default\">\n\t\t\t\t\t<div class=\"elementor-column elementor-col-100 elementor-inner-column elementor-element elementor-element-50cd4402\" data-id=\"50cd4402\" data-element_type=\"column\">\n\t\t\t<div class=\"elementor-widget-wrap elementor-element-populated\">\n\t\t\t\t\t\t<div class=\"elementor-element elementor-element-644f5db6 elementor-widget elementor-widget-heading\" data-id=\"644f5db6\" data-element_type=\"widget\" data-widget_type=\"heading.default\">\n\t\t\t\t<div class=\"elementor-widget-container\">\n\t\t\t\t\t<h5 class=\"elementor-heading-title elementor-size-default\">Regardless of the position(s) you entrust us with, we favor a qualitative approach.<\/h5>\t\t\t\t<\/div>\n\t\t\t\t<\/div>\n\t\t\t\t<div class=\"elementor-element elementor-element-2d85f221 elementor-widget elementor-widget-text-editor\" data-id=\"2d85f221\" data-element_type=\"widget\" data-widget_type=\"text-editor.default\">\n\t\t\t\t<div class=\"elementor-widget-container\">\n\t\t\t\t\t\t\t\t\t<p>We only introduce to our clients candidates that we are convinced will adapt to the position to which we have directed them, and who will bring real added value to their future employer.<\/p><p>We pay particular attention to the behaviors and motivations of the people we meet and assess for you.<\/p>\t\t\t\t\t\t\t\t<\/div>\n\t\t\t\t<\/div>\n\t\t\t\t<div class=\"elementor-element elementor-element-864d113 elementor-widget elementor-widget-heading\" data-id=\"864d113\" data-element_type=\"widget\" data-widget_type=\"heading.default\">\n\t\t\t\t<div class=\"elementor-widget-container\">\n\t\t\t\t\t<h6 class=\"elementor-heading-title elementor-size-default\">\u2022 We cover a wide and diversified scope of intervention:<\/h6>\t\t\t\t<\/div>\n\t\t\t\t<\/div>\n\t\t\t\t<div class=\"elementor-element elementor-element-3f09cd39 elementor-widget elementor-widget-spacer\" data-id=\"3f09cd39\" data-element_type=\"widget\" data-widget_type=\"spacer.default\">\n\t\t\t\t<div class=\"elementor-widget-container\">\n\t\t\t\t\t\t\t<div class=\"elementor-spacer\">\n\t\t\t<div class=\"elementor-spacer-inner\"><\/div>\n\t\t<\/div>\n\t\t\t\t\t\t<\/div>\n\t\t\t\t<\/div>\n\t\t\t\t<div class=\"elementor-element elementor-element-c8ed863 elementor-widget elementor-widget-elementskit-accordion\" data-id=\"c8ed863\" data-element_type=\"widget\" data-widget_type=\"elementskit-accordion.default\">\n\t\t\t\t<div class=\"elementor-widget-container\">\n\t\t\t\t\t<div class=\"ekit-wid-con\" >\n        <div class=\"elementskit-accordion accoedion-primary\" id=\"accordion-69e5e81f09725\">\n\n            \n                <div class=\"elementskit-card active\">\n                    <div class=\"elementskit-card-header\" id=\"primaryHeading-0-c8ed863\">\n                        <a href=\"#collapse-2f9a97869e5e81f09725\" class=\"ekit-accordion--toggler elementskit-btn-link collapsed\" data-ekit-toggle=\"collapse\" data-target=\"#Collapse-2f9a97869e5e81f09725\" aria-expanded=\"true\" aria-controls=\"Collapse-2f9a97869e5e81f09725\">\n                            \n                            <span class=\"ekit-accordion-title\">\u2713 Job levels <\/span>\n\n                            \n                                <div class=\"ekit_accordion_icon_group\">\n                                    <div class=\"ekit_accordion_normal_icon\">\n                                        <!-- Normal Icon -->\n\t\t\t\t\t\t\t\t\t\t<i class=\"icon icon-down-arrow1\"><\/i>                                    <\/div>\n\n                                    <div class=\"ekit_accordion_active_icon\">\n                                        <!-- Active Icon -->\n\t\t\t\t\t\t\t\t\t\t<i class=\"icon icon-up-arrow1\"><\/i>                                    <\/div>\n                                <\/div>\n\n                            \n                                                    <\/a>\n                    <\/div>\n\n                    <div id=\"Collapse-2f9a97869e5e81f09725\" class=\"show collapse\" aria-labelledby=\"primaryHeading-0-c8ed863\" data-parent=\"#accordion-69e5e81f09725\">\n\n                        <div class=\"elementskit-card-body ekit-accordion--content\">\n                            <p>Senior executives, middle managers, business experts, high-potential young talents, etc.<\/p>                        <\/div>\n\n                    <\/div>\n\n                <\/div><!-- .elementskit-card END -->\n\n                \n                <div class=\"elementskit-card\">\n                    <div class=\"elementskit-card-header\" id=\"primaryHeading-1-c8ed863\">\n                        <a href=\"#collapse-91b3e0b69e5e81f09725\" class=\"ekit-accordion--toggler elementskit-btn-link collapsed\" data-ekit-toggle=\"collapse\" data-target=\"#Collapse-91b3e0b69e5e81f09725\" aria-expanded=\"false\" aria-controls=\"Collapse-91b3e0b69e5e81f09725\">\n                            \n                            <span class=\"ekit-accordion-title\">\u2713 Sectors of activity <\/span>\n\n                            \n                                <div class=\"ekit_accordion_icon_group\">\n                                    <div class=\"ekit_accordion_normal_icon\">\n                                        <!-- Normal Icon -->\n\t\t\t\t\t\t\t\t\t\t<i class=\"icon icon-down-arrow1\"><\/i>                                    <\/div>\n\n                                    <div class=\"ekit_accordion_active_icon\">\n                                        <!-- Active Icon -->\n\t\t\t\t\t\t\t\t\t\t<i class=\"icon icon-up-arrow1\"><\/i>                                    <\/div>\n                                <\/div>\n\n                            \n                                                    <\/a>\n                    <\/div>\n\n                    <div id=\"Collapse-91b3e0b69e5e81f09725\" class=\"collapse\" aria-labelledby=\"primaryHeading-1-c8ed863\" data-parent=\"#accordion-69e5e81f09725\">\n\n                        <div class=\"elementskit-card-body ekit-accordion--content\">\n                            <p>Industry, Distribution, Construction, Oil and Gas, Home appliances, Pharmaceuticals, Agri-food, Banking and insurance, etc.<\/p>                        <\/div>\n\n                    <\/div>\n\n                <\/div><!-- .elementskit-card END -->\n\n                \n                <div class=\"elementskit-card\">\n                    <div class=\"elementskit-card-header\" id=\"primaryHeading-2-c8ed863\">\n                        <a href=\"#collapse-7133a5569e5e81f09725\" class=\"ekit-accordion--toggler elementskit-btn-link collapsed\" data-ekit-toggle=\"collapse\" data-target=\"#Collapse-7133a5569e5e81f09725\" aria-expanded=\"false\" aria-controls=\"Collapse-7133a5569e5e81f09725\">\n                            \n                            <span class=\"ekit-accordion-title\">\u2713 Functions<\/span>\n\n                            \n                                <div class=\"ekit_accordion_icon_group\">\n                                    <div class=\"ekit_accordion_normal_icon\">\n                                        <!-- Normal Icon -->\n\t\t\t\t\t\t\t\t\t\t<i class=\"icon icon-down-arrow1\"><\/i>                                    <\/div>\n\n                                    <div class=\"ekit_accordion_active_icon\">\n                                        <!-- Active Icon -->\n\t\t\t\t\t\t\t\t\t\t<i class=\"icon icon-up-arrow1\"><\/i>                                    <\/div>\n                                <\/div>\n\n                            \n                                                    <\/a>\n                    <\/div>\n\n                    <div id=\"Collapse-7133a5569e5e81f09725\" class=\"collapse\" aria-labelledby=\"primaryHeading-2-c8ed863\" data-parent=\"#accordion-69e5e81f09725\">\n\n                        <div class=\"elementskit-card-body ekit-accordion--content\">\n                            <p>Production, Supply Chain, Finance, Marketing\/Communication, Sales, Information Systems, Human Resources, etc.<\/p>                        <\/div>\n\n                    <\/div>\n\n                <\/div><!-- .elementskit-card END -->\n\n                                        <\/div>\n    <\/div>\t\t\t\t<\/div>\n\t\t\t\t<\/div>\n\t\t\t\t<div class=\"elementor-element elementor-element-ad923c1 elementor-widget elementor-widget-heading\" data-id=\"ad923c1\" data-element_type=\"widget\" data-widget_type=\"heading.default\">\n\t\t\t\t<div class=\"elementor-widget-container\">\n\t\t\t\t\t<h6 class=\"elementor-heading-title elementor-size-default\">\u2022 Selection processes adapted to the needs and demands of our partners as well as to the positions entrusted to us <\/h6>\t\t\t\t<\/div>\n\t\t\t\t<\/div>\n\t\t\t\t<div class=\"elementor-element elementor-element-05ce1b4 elementor-widget elementor-widget-elementskit-accordion\" data-id=\"05ce1b4\" data-element_type=\"widget\" data-widget_type=\"elementskit-accordion.default\">\n\t\t\t\t<div class=\"elementor-widget-container\">\n\t\t\t\t\t<div class=\"ekit-wid-con\" >\n        <div class=\"elementskit-accordion accoedion-primary\" id=\"accordion-69e5e81f0aaa8\">\n\n            \n                <div class=\"elementskit-card active\">\n                    <div class=\"elementskit-card-header\" id=\"primaryHeading-0-05ce1b4\">\n                        <a href=\"#collapse-2f9a97869e5e81f0aaa8\" class=\"ekit-accordion--toggler elementskit-btn-link collapsed\" data-ekit-toggle=\"collapse\" data-target=\"#Collapse-2f9a97869e5e81f0aaa8\" aria-expanded=\"true\" aria-controls=\"Collapse-2f9a97869e5e81f0aaa8\">\n                            \n                            <span class=\"ekit-accordion-title\">\u2713 Job definition: <\/span>\n\n                            \n                                <div class=\"ekit_accordion_icon_group\">\n                                    <div class=\"ekit_accordion_normal_icon\">\n                                        <!-- Normal Icon -->\n\t\t\t\t\t\t\t\t\t\t<i class=\"icon icon-down-arrow1\"><\/i>                                    <\/div>\n\n                                    <div class=\"ekit_accordion_active_icon\">\n                                        <!-- Active Icon -->\n\t\t\t\t\t\t\t\t\t\t<i class=\"icon icon-up-arrow1\"><\/i>                                    <\/div>\n                                <\/div>\n\n                            \n                                                    <\/a>\n                    <\/div>\n\n                    <div id=\"Collapse-2f9a97869e5e81f0aaa8\" class=\"show collapse\" aria-labelledby=\"primaryHeading-0-05ce1b4\" data-parent=\"#accordion-69e5e81f0aaa8\">\n\n                        <div class=\"elementskit-card-body ekit-accordion--content\">\n                            <p>A well-filled position is a well-defined position. We assist you, for the detailed definition of your needs: stakes of the position, missions and profile sought, target compensation...<\/p>                        <\/div>\n\n                    <\/div>\n\n                <\/div><!-- .elementskit-card END -->\n\n                \n                <div class=\"elementskit-card\">\n                    <div class=\"elementskit-card-header\" id=\"primaryHeading-1-05ce1b4\">\n                        <a href=\"#collapse-91b3e0b69e5e81f0aaa8\" class=\"ekit-accordion--toggler elementskit-btn-link collapsed\" data-ekit-toggle=\"collapse\" data-target=\"#Collapse-91b3e0b69e5e81f0aaa8\" aria-expanded=\"false\" aria-controls=\"Collapse-91b3e0b69e5e81f0aaa8\">\n                            \n                            <span class=\"ekit-accordion-title\">\u2713 Sourcing strategy <\/span>\n\n                            \n                                <div class=\"ekit_accordion_icon_group\">\n                                    <div class=\"ekit_accordion_normal_icon\">\n                                        <!-- Normal Icon -->\n\t\t\t\t\t\t\t\t\t\t<i class=\"icon icon-down-arrow1\"><\/i>                                    <\/div>\n\n                                    <div class=\"ekit_accordion_active_icon\">\n                                        <!-- Active Icon -->\n\t\t\t\t\t\t\t\t\t\t<i class=\"icon icon-up-arrow1\"><\/i>                                    <\/div>\n                                <\/div>\n\n                            \n                                                    <\/a>\n                    <\/div>\n\n                    <div id=\"Collapse-91b3e0b69e5e81f0aaa8\" class=\"collapse\" aria-labelledby=\"primaryHeading-1-05ce1b4\" data-parent=\"#accordion-69e5e81f0aaa8\">\n\n                        <div class=\"elementskit-card-body ekit-accordion--content\">\n                            <p>We prepare a research strategy, define our targets and adopt our sourcing methods according to the client's needs and nature, as well as the level of confidentiality required: Direct approach and hunting, database exploitation, ads, etc.<\/p>                        <\/div>\n\n                    <\/div>\n\n                <\/div><!-- .elementskit-card END -->\n\n                \n                <div class=\"elementskit-card\">\n                    <div class=\"elementskit-card-header\" id=\"primaryHeading-2-05ce1b4\">\n                        <a href=\"#collapse-7133a5569e5e81f0aaa8\" class=\"ekit-accordion--toggler elementskit-btn-link collapsed\" data-ekit-toggle=\"collapse\" data-target=\"#Collapse-7133a5569e5e81f0aaa8\" aria-expanded=\"false\" aria-controls=\"Collapse-7133a5569e5e81f0aaa8\">\n                            \n                            <span class=\"ekit-accordion-title\">\u2713 Assessement <\/span>\n\n                            \n                                <div class=\"ekit_accordion_icon_group\">\n                                    <div class=\"ekit_accordion_normal_icon\">\n                                        <!-- Normal Icon -->\n\t\t\t\t\t\t\t\t\t\t<i class=\"icon icon-down-arrow1\"><\/i>                                    <\/div>\n\n                                    <div class=\"ekit_accordion_active_icon\">\n                                        <!-- Active Icon -->\n\t\t\t\t\t\t\t\t\t\t<i class=\"icon icon-up-arrow1\"><\/i>                                    <\/div>\n                                <\/div>\n\n                            \n                                                    <\/a>\n                    <\/div>\n\n                    <div id=\"Collapse-7133a5569e5e81f0aaa8\" class=\"collapse\" aria-labelledby=\"primaryHeading-2-05ce1b4\" data-parent=\"#accordion-69e5e81f0aaa8\">\n\n                        <div class=\"elementskit-card-body ekit-accordion--content\">\n                            <p>We develop an assessment process appropriate to the mission you have entrusted to us: HR and job interviews, tests (personality, reasoning, languages, etc.);<\/p>                        <\/div>\n\n                    <\/div>\n\n                <\/div><!-- .elementskit-card END -->\n\n                \n                <div class=\"elementskit-card\">\n                    <div class=\"elementskit-card-header\" id=\"primaryHeading-3-05ce1b4\">\n                        <a href=\"#collapse-15f05f069e5e81f0aaa8\" class=\"ekit-accordion--toggler elementskit-btn-link collapsed\" data-ekit-toggle=\"collapse\" data-target=\"#Collapse-15f05f069e5e81f0aaa8\" aria-expanded=\"false\" aria-controls=\"Collapse-15f05f069e5e81f0aaa8\">\n                            \n                            <span class=\"ekit-accordion-title\">\u2713 Presentation of candidates<\/span>\n\n                            \n                                <div class=\"ekit_accordion_icon_group\">\n                                    <div class=\"ekit_accordion_normal_icon\">\n                                        <!-- Normal Icon -->\n\t\t\t\t\t\t\t\t\t\t<i class=\"icon icon-down-arrow1\"><\/i>                                    <\/div>\n\n                                    <div class=\"ekit_accordion_active_icon\">\n                                        <!-- Active Icon -->\n\t\t\t\t\t\t\t\t\t\t<i class=\"icon icon-up-arrow1\"><\/i>                                    <\/div>\n                                <\/div>\n\n                            \n                                                    <\/a>\n                    <\/div>\n\n                    <div id=\"Collapse-15f05f069e5e81f0aaa8\" class=\"collapse\" aria-labelledby=\"primaryHeading-3-05ce1b4\" data-parent=\"#accordion-69e5e81f0aaa8\">\n\n                        <div class=\"elementskit-card-body ekit-accordion--content\">\n                            <p>We introduce you to the selected candidate(s) and organize their meetings with your teams. Detailed reports of the profiles presented are prepared for you by our teams.<\/p>                        <\/div>\n\n                    <\/div>\n\n                <\/div><!-- .elementskit-card END -->\n\n                \n                <div class=\"elementskit-card\">\n                    <div class=\"elementskit-card-header\" id=\"primaryHeading-4-05ce1b4\">\n                        <a href=\"#collapse-4980d3969e5e81f0aaa8\" class=\"ekit-accordion--toggler elementskit-btn-link collapsed\" data-ekit-toggle=\"collapse\" data-target=\"#Collapse-4980d3969e5e81f0aaa8\" aria-expanded=\"false\" aria-controls=\"Collapse-4980d3969e5e81f0aaa8\">\n                            \n                            <span class=\"ekit-accordion-title\">\u2713 Negotiation and offer <\/span>\n\n                            \n                                <div class=\"ekit_accordion_icon_group\">\n                                    <div class=\"ekit_accordion_normal_icon\">\n                                        <!-- Normal Icon -->\n\t\t\t\t\t\t\t\t\t\t<i class=\"icon icon-down-arrow1\"><\/i>                                    <\/div>\n\n                                    <div class=\"ekit_accordion_active_icon\">\n                                        <!-- Active Icon -->\n\t\t\t\t\t\t\t\t\t\t<i class=\"icon icon-up-arrow1\"><\/i>                                    <\/div>\n                                <\/div>\n\n                            \n                                                    <\/a>\n                    <\/div>\n\n                    <div id=\"Collapse-4980d3969e5e81f0aaa8\" class=\"collapse\" aria-labelledby=\"primaryHeading-4-05ce1b4\" data-parent=\"#accordion-69e5e81f0aaa8\">\n\n                        <div class=\"elementskit-card-body ekit-accordion--content\">\n                            <p>Following your choice of a candidate by you, we can, if necessary, take in charge the negotiation and formalization of an offer;<\/p>                        <\/div>\n\n                    <\/div>\n\n                <\/div><!-- .elementskit-card END -->\n\n                                        <\/div>\n    <\/div>\t\t\t\t<\/div>\n\t\t\t\t<\/div>\n\t\t\t\t<div class=\"elementor-element elementor-element-78ca18c7 elementor-widget elementor-widget-spacer\" data-id=\"78ca18c7\" data-element_type=\"widget\" data-widget_type=\"spacer.default\">\n\t\t\t\t<div class=\"elementor-widget-container\">\n\t\t\t\t\t\t\t<div class=\"elementor-spacer\">\n\t\t\t<div class=\"elementor-spacer-inner\"><\/div>\n\t\t<\/div>\n\t\t\t\t\t\t<\/div>\n\t\t\t\t<\/div>\n\t\t\t\t\t<\/div>\n\t\t<\/div>\n\t\t\t\t\t<\/div>\n\t\t<\/section>\n\t\t\t\t\t<\/div>\n\t\t<\/div>\n\t\t\t\t\t<\/div>\n\t\t<\/section>\n\t\t\t\t<section class=\"elementor-section elementor-top-section elementor-element elementor-element-672f6bfa elementor-section-boxed elementor-section-height-default elementor-section-height-default\" data-id=\"672f6bfa\" data-element_type=\"section\" data-settings=\"{&quot;background_background&quot;:&quot;classic&quot;}\">\n\t\t\t\t\t\t<div class=\"elementor-container elementor-column-gap-no\">\n\t\t\t\t\t<div class=\"elementor-column elementor-col-100 elementor-top-column elementor-element elementor-element-3880d213\" data-id=\"3880d213\" data-element_type=\"column\">\n\t\t\t<div class=\"elementor-widget-wrap elementor-element-populated\">\n\t\t\t\t\t\t<div class=\"elementor-element elementor-element-32d8c73 elementor-view-stacked elementor-shape-circle elementor-widget elementor-widget-icon\" data-id=\"32d8c73\" data-element_type=\"widget\" data-widget_type=\"icon.default\">\n\t\t\t\t<div class=\"elementor-widget-container\">\n\t\t\t\t\t\t\t<div class=\"elementor-icon-wrapper\">\n\t\t\t<div class=\"elementor-icon\">\n\t\t\t<i aria-hidden=\"true\" class=\"fas fa-clipboard-check\"><\/i>\t\t\t<\/div>\n\t\t<\/div>\n\t\t\t\t\t\t<\/div>\n\t\t\t\t<\/div>\n\t\t\t\t<div class=\"elementor-element elementor-element-46dc6ec elementor-widget elementor-widget-heading\" data-id=\"46dc6ec\" data-element_type=\"widget\" data-widget_type=\"heading.default\">\n\t\t\t\t<div class=\"elementor-widget-container\">\n\t\t\t\t\t<h5 class=\"elementor-heading-title elementor-size-default\">We guarantee an on-boarding follow up of these new collaborators, by carrying out regular points with them and yourself.\nThese points are an opportunity to set areas for improvement and put in place the conditions for a successful recruitment, both on the side of the new recruit and the employer.\n<\/h5>\t\t\t\t<\/div>\n\t\t\t\t<\/div>\n\t\t\t\t\t<\/div>\n\t\t<\/div>\n\t\t\t\t\t<\/div>\n\t\t<\/section>\n\t\t\t\t<\/div>","protected":false},"excerpt":{"rendered":"<p>Recrutement Le choix des Hommes et des Femmes qui constituent votre organisation est un acte strat\u00e9gique et impactant. Deep Profile vous accompagne, pour l\u2019ensemble de vos projets de recrutement dans leurs phases successives. Quel que soit le ou les postes \u00e0 pourvoir que vous nous confierez, nous privil\u00e9gions une approche qualitative. Nous ne pr\u00e9sentons \u00e0 [&hellip;]<\/p>","protected":false},"author":1,"featured_media":0,"parent":0,"menu_order":0,"comment_status":"closed","ping_status":"closed","template":"","meta":{"footnotes":""},"class_list":["post-82","page","type-page","status-publish","hentry"],"_links":{"self":[{"href":"https:\/\/deepprofile-hr.com\/en\/wp-json\/wp\/v2\/pages\/82","targetHints":{"allow":["GET"]}}],"collection":[{"href":"https:\/\/deepprofile-hr.com\/en\/wp-json\/wp\/v2\/pages"}],"about":[{"href":"https:\/\/deepprofile-hr.com\/en\/wp-json\/wp\/v2\/types\/page"}],"author":[{"embeddable":true,"href":"https:\/\/deepprofile-hr.com\/en\/wp-json\/wp\/v2\/users\/1"}],"replies":[{"embeddable":true,"href":"https:\/\/deepprofile-hr.com\/en\/wp-json\/wp\/v2\/comments?post=82"}],"version-history":[{"count":52,"href":"https:\/\/deepprofile-hr.com\/en\/wp-json\/wp\/v2\/pages\/82\/revisions"}],"predecessor-version":[{"id":935,"href":"https:\/\/deepprofile-hr.com\/en\/wp-json\/wp\/v2\/pages\/82\/revisions\/935"}],"wp:attachment":[{"href":"https:\/\/deepprofile-hr.com\/en\/wp-json\/wp\/v2\/media?parent=82"}],"curies":[{"name":"wp","href":"https:\/\/api.w.org\/{rel}","templated":true}]}}